{"id":9,"date":"2010-02-03T15:07:19","date_gmt":"2010-02-03T15:07:19","guid":{"rendered":"http:\/\/kursantgranosik.pl\/?page_id=9"},"modified":"2019-12-01T12:41:13","modified_gmt":"2019-12-01T12:41:13","slug":"oferta","status":"publish","type":"page","link":"https:\/\/kursantgranosik.pl\/?page_id=9","title":{"rendered":"Oferta"},"content":{"rendered":"<p>W ramach naszej dzia\u0142alno\u015bci \u015bwiadczymy us\u0142ugi w zakresie szkole\u0144 i doradztwa dla firm:<\/p>\n<p>Oferowane szkolenia<\/p>\n<ul>\n<li>szkolenia w dziedzinie BHP i p.po\u017c.;<\/li>\n<li>kierowca &#8211; operator w\u00f3zk\u00f3w wid\u0142owych;<\/li>\n<li>operator \u017curawi prze\u0142adunkowych (HDS);<\/li>\n<li>operator suwnicy;<\/li>\n<li>operator d\u017awig\u00f3w towarowo-osobowych;<\/li>\n<li>operator podest\u00f3w ruchomych;<\/li>\n<li>operator kot\u0142\u00f3w;<\/li>\n<li>uprawnienia elektroenergetyczne do 1 kV (SEP);<\/li>\n<li>pierwsza pomoc przedmedyczna;<\/li>\n<li>ABC przedsi\u0119biorczo\u015bci;<\/li>\n<li>szkolenia komputerowe;<\/li>\n<li>szkolenia budowlane: dekarz, cie\u015bla, glazurnik-posadzkarz, technolog rob\u00f3t wyko\u0144czeniowych;<\/li>\n<li>inne na zlecenie.<\/li>\n<\/ul>\n<p>Doradztwo i sta\u0142a obs\u0142uga firm w zakresie bezpiecze\u0144stwa i higieny pracy:<\/p>\n<ul>\n<li>opracowywanie instrukcji BHP;<\/li>\n<li>opracowywanie kart ryzyka zawodowego;<\/li>\n<li>realizacja nakaz\u00f3w organ\u00f3w kontroluj\u0105cych.<\/li>\n<\/ul>\n","protected":false},"excerpt":{"rendered":"<p>W ramach naszej dzia\u0142alno\u015bci \u015bwiadczymy us\u0142ugi w zakresie szkole\u0144 i doradztwa dla firm: Oferowane szkolenia szkolenia w dziedzinie BHP i p.po\u017c.; kierowca &#8211; operator w\u00f3zk\u00f3w wid\u0142owych; operator \u017curawi prze\u0142adunkowych (HDS); operator suwnicy;<a class=\"moretag\" href=\"https:\/\/kursantgranosik.pl\/?page_id=9\">Read More&#8230;<\/a><\/p>\n","protected":false},"author":1,"featured_media":0,"parent":0,"menu_order":3,"comment_status":"closed","ping_status":"closed","template":"","meta":[],"_links":{"self":[{"href":"https:\/\/kursantgranosik.pl\/index.php?rest_route=\/wp\/v2\/pages\/9"}],"collection":[{"href":"https:\/\/kursantgranosik.pl\/index.php?rest_route=\/wp\/v2\/pages"}],"about":[{"href":"https:\/\/kursantgranosik.pl\/index.php?rest_route=\/wp\/v2\/types\/page"}],"author":[{"embeddable":true,"href":"https:\/\/kursantgranosik.pl\/index.php?rest_route=\/wp\/v2\/users\/1"}],"replies":[{"embeddable":true,"href":"https:\/\/kursantgranosik.pl\/index.php?rest_route=%2Fwp%2Fv2%2Fcomments&post=9"}],"version-history":[{"count":12,"href":"https:\/\/kursantgranosik.pl\/index.php?rest_route=\/wp\/v2\/pages\/9\/revisions"}],"predecessor-version":[{"id":80,"href":"https:\/\/kursantgranosik.pl\/index.php?rest_route=\/wp\/v2\/pages\/9\/revisions\/80"}],"wp:attachment":[{"href":"https:\/\/kursantgranosik.pl\/index.php?rest_route=%2Fwp%2Fv2%2Fmedia&parent=9"}],"curies":[{"name":"wp","href":"https:\/\/api.w.org\/{rel}","templated":true}]}}