{"id":60,"date":"2016-12-16T11:25:59","date_gmt":"2016-12-16T11:25:59","guid":{"rendered":"http:\/\/kursantgranosik.pl\/nowa\/?page_id=60"},"modified":"2016-12-21T09:44:06","modified_gmt":"2016-12-21T09:44:06","slug":"wspolpraca","status":"publish","type":"page","link":"https:\/\/kursantgranosik.pl\/?page_id=60","title":{"rendered":"Wsp\u00f3\u0142praca"},"content":{"rendered":"<p>Jako Centrum Szkoleniowo-Doradcze Kursant w Koszalinie wsp\u00f3\u0142pracujemy na sta\u0142e z wieloma partnerami. Podejmujemy si\u0119 r\u00f3wnie\u017c szkole\u0144 w przedsi\u0119biorstwach indywidualnych. Poni\u017cej przedstawiamy Pa\u0144stwu tylko kilka firm i instytucji, dla kt\u00f3rych \u015bwiadczymy us\u0142ugi szkoleniowe i doradcze:<\/p>\n<ul>\n<li>Powiatowe Urz\u0119dy Pracy;<\/li>\n<li>Miejskie O\u015brodki Pomocy Spo\u0142ecznej;<\/li>\n<li>Powiatowe CentraPomocy Rodzinie;<\/li>\n<li>Stowarzyszenie Inicjatyw Spo\u0142eczno-Gospodarczych w \u015awidwinie;<\/li>\n<li>POCZTA POLSKA;<\/li>\n<li>MZK Koszalin;<\/li>\n<li>CASTORAMA Koszalin;<\/li>\n<li>VAN PUR Browar Koszalin;<\/li>\n<li>BUMAR Koszalin;<\/li>\n<li>PUF Koszalin;<\/li>\n<li>ARKA-MEGA Ko\u0142obrzeg;<\/li>\n<li>MEDIA MARKT Koszalin;<\/li>\n<li>INFINIO Sp. z o.o.;<\/li>\n<li>SOFRA Sp. z o.o.;<\/li>\n<li>BUDMAR Sp. z o.o.;<\/li>\n<li>i inne<\/li>\n<\/ul>\n","protected":false},"excerpt":{"rendered":"<p>Jako Centrum Szkoleniowo-Doradcze Kursant w Koszalinie wsp\u00f3\u0142pracujemy na sta\u0142e z wieloma partnerami. Podejmujemy si\u0119 r\u00f3wnie\u017c szkole\u0144 w przedsi\u0119biorstwach indywidualnych. Poni\u017cej przedstawiamy Pa\u0144stwu tylko kilka firm i instytucji, dla kt\u00f3rych \u015bwiadczymy us\u0142ugi szkoleniowe<a class=\"moretag\" href=\"https:\/\/kursantgranosik.pl\/?page_id=60\">Read More&#8230;<\/a><\/p>\n","protected":false},"author":1,"featured_media":0,"parent":0,"menu_order":4,"comment_status":"closed","ping_status":"closed","template":"","meta":[],"_links":{"self":[{"href":"https:\/\/kursantgranosik.pl\/index.php?rest_route=\/wp\/v2\/pages\/60"}],"collection":[{"href":"https:\/\/kursantgranosik.pl\/index.php?rest_route=\/wp\/v2\/pages"}],"about":[{"href":"https:\/\/kursantgranosik.pl\/index.php?rest_route=\/wp\/v2\/types\/page"}],"author":[{"embeddable":true,"href":"https:\/\/kursantgranosik.pl\/index.php?rest_route=\/wp\/v2\/users\/1"}],"replies":[{"embeddable":true,"href":"https:\/\/kursantgranosik.pl\/index.php?rest_route=%2Fwp%2Fv2%2Fcomments&post=60"}],"version-history":[{"count":2,"href":"https:\/\/kursantgranosik.pl\/index.php?rest_route=\/wp\/v2\/pages\/60\/revisions"}],"predecessor-version":[{"id":83,"href":"https:\/\/kursantgranosik.pl\/index.php?rest_route=\/wp\/v2\/pages\/60\/revisions\/83"}],"wp:attachment":[{"href":"https:\/\/kursantgranosik.pl\/index.php?rest_route=%2Fwp%2Fv2%2Fmedia&parent=60"}],"curies":[{"name":"wp","href":"https:\/\/api.w.org\/{rel}","templated":true}]}}