{"id":2,"date":"2010-02-03T14:36:57","date_gmt":"2010-02-03T14:36:57","guid":{"rendered":"http:\/\/kursantgranosik.pl\/?page_id=2"},"modified":"2023-01-27T12:20:22","modified_gmt":"2023-01-27T12:20:22","slug":"informacje","status":"publish","type":"page","link":"https:\/\/kursantgranosik.pl\/?page_id=2","title":{"rendered":"O nas"},"content":{"rendered":"<p>Centrum Szkoleniowo-Doradcze &#8222;KURSANT&#8221; w Koszalinie powsta\u0142o 25.06.2007 roku. Przez wszystkie lata dzia\u0142alno\u015bci firmy przeprowadzili\u015bmy tysi\u0105ce szkole\u0144. Doradzili\u015bmy tysi\u0105com firm, instytucjom pa\u0144stwowym, jak r\u00f3wnie\u017c Klientom indywidualnym. Nasz\u0105 dewiz\u0105 jest skutecznie naucza\u0107 oraz trafnie doradza\u0107. Przeprowadzamy szkolenia z r\u00f3\u017cnych dziedzin \u017cycia, pocz\u0105wszy od szkole\u0144 w dziedzinie BHP i p.po\u017c., przez szkolenia budowlane, szkolenia na operator\u00f3w maszyn i urz\u0105dze\u0144 mechanicznych, a sko\u0144czywszy na szkoleniach komputerowych i ABC przedsi\u0119biorczo\u015bci. Doradztwo, to przede wszystkim doradztwo i obs\u0142uga firm w zakresie bezpiecze\u0144stwa i higieny pracy.<\/p>\n<p>Doradztwo i sta\u0142a obs\u0142uga firm w zakresie bezpiecze\u0144stwa i higieny pracy:<\/p>\n<p>&nbsp;<\/p>\n<p>&nbsp;<\/p>\n<ul>\n<li>opracowywanie instrukcji BHP;<\/li>\n<li>opracowywanie kart ryzyka zawodowego;<\/li>\n<li>realizacja nakaz\u00f3w organ\u00f3w kontroluj\u0105cych.<\/li>\n<\/ul>\n<p>Posiadamy wpis do ewidencji szk\u00f3\u0142 i plac\u00f3wek niepublicznych &#8211; plac\u00f3wek kszta\u0142cenia ustawicznego pod numerem 66 oraz wpis do rejestru instytucji szkoleniowych Wojew\u00f3dzkiego Urz\u0119du Pracy w Szczecinie pod numerem 2.32\/0007\/2007.<\/p>\n<p style=\"text-align: right;\">Zapraszamy do skorzystania z naszych us\u0142ug.<\/p>\n","protected":false},"excerpt":{"rendered":"<p>Centrum Szkoleniowo-Doradcze &#8222;KURSANT&#8221; w Koszalinie powsta\u0142o 25.06.2007 roku. Przez wszystkie lata dzia\u0142alno\u015bci firmy przeprowadzili\u015bmy tysi\u0105ce szkole\u0144. Doradzili\u015bmy tysi\u0105com firm, instytucjom pa\u0144stwowym, jak r\u00f3wnie\u017c Klientom indywidualnym. Nasz\u0105 dewiz\u0105 jest skutecznie naucza\u0107 oraz trafnie<a class=\"moretag\" href=\"https:\/\/kursantgranosik.pl\/?page_id=2\">Read More&#8230;<\/a><\/p>\n","protected":false},"author":1,"featured_media":0,"parent":0,"menu_order":1,"comment_status":"closed","ping_status":"closed","template":"","meta":[],"_links":{"self":[{"href":"https:\/\/kursantgranosik.pl\/index.php?rest_route=\/wp\/v2\/pages\/2"}],"collection":[{"href":"https:\/\/kursantgranosik.pl\/index.php?rest_route=\/wp\/v2\/pages"}],"about":[{"href":"https:\/\/kursantgranosik.pl\/index.php?rest_route=\/wp\/v2\/types\/page"}],"author":[{"embeddable":true,"href":"https:\/\/kursantgranosik.pl\/index.php?rest_route=\/wp\/v2\/users\/1"}],"replies":[{"embeddable":true,"href":"https:\/\/kursantgranosik.pl\/index.php?rest_route=%2Fwp%2Fv2%2Fcomments&post=2"}],"version-history":[{"count":20,"href":"https:\/\/kursantgranosik.pl\/index.php?rest_route=\/wp\/v2\/pages\/2\/revisions"}],"predecessor-version":[{"id":90,"href":"https:\/\/kursantgranosik.pl\/index.php?rest_route=\/wp\/v2\/pages\/2\/revisions\/90"}],"wp:attachment":[{"href":"https:\/\/kursantgranosik.pl\/index.php?rest_route=%2Fwp%2Fv2%2Fmedia&parent=2"}],"curies":[{"name":"wp","href":"https:\/\/api.w.org\/{rel}","templated":true}]}}